{"id":657,"date":"2025-06-17T14:45:25","date_gmt":"2025-06-17T12:45:25","guid":{"rendered":"https:\/\/www.rosaalen-mentalcoaching.ch\/preguntas-frecuentes\/"},"modified":"2025-06-23T18:51:34","modified_gmt":"2025-06-23T16:51:34","slug":"preguntas-frecuentes","status":"publish","type":"page","link":"https:\/\/www.rosaalen-mentalcoaching.ch\/es\/preguntas-frecuentes\/","title":{"rendered":"Preguntas Frecuentes"},"content":{"rendered":"<p>[et_pb_section fb_built=\u00bb1&#8243; admin_label=\u00bbHeader\u00bb _builder_version=\u00bb4.27.4&#8243; _module_preset=\u00bbdefault\u00bb use_background_color_gradient=\u00bbon\u00bb background_color_gradient_direction=\u00bb90deg\u00bb background_color_gradient_stops=\u00bbrgba(169,172,145,0.51) 42%|rgba(169,172,145,0) 76%\u00bb background_color_gradient_overlays_image=\u00bbon\u00bb background_image=\u00bbhttps:\/\/www.rosaalen-mentalcoaching.ch\/wp-content\/uploads\/2025\/04\/beautiful-pink-flower-background-scaled.jpg\u00bb min_height=\u00bb164.1px\u00bb custom_padding=\u00bb2px||55px|||\u00bb background_last_edited=\u00bbon|tablet\u00bb background_color_gradient_direction_tablet=\u00bb0deg\u00bb locked=\u00bboff\u00bb collapsed=\u00bbon\u00bb global_colors_info=\u00bb{}\u00bb][et_pb_row _builder_version=\u00bb4.20.0&#8243; _module_preset=\u00bbdefault\u00bb min_height=\u00bb180.1px\u00bb custom_padding=\u00bb53px|||||\u00bb global_colors_info=\u00bb{}\u00bb][et_pb_column type=\u00bb4_4&#8243; _builder_version=\u00bb4.20.0&#8243; _module_preset=\u00bbdefault\u00bb global_colors_info=\u00bb{}\u00bb][et_pb_text _builder_version=\u00bb4.27.4&#8243; _module_preset=\u00bbce483efd-ac7f-4b06-b21e-76ec112bc8da\u00bb text_font=\u00bbRaleway||||||||\u00bb text_text_color=\u00bb#4f453a\u00bb text_font_size=\u00bb47px\u00bb text_line_height=\u00bb1.3em\u00bb header_text_color=\u00bb#293b45&#8243; min_height=\u00bb99.1px\u00bb global_colors_info=\u00bb{}\u00bb]<\/p>\n<p style=\"text-align: center;\">Porque hacer preguntas es completamente normal<\/p>\n<p>[\/et_pb_text][\/et_pb_column][\/et_pb_row][\/et_pb_section][et_pb_section fb_built=\u00bb1&#8243; _builder_version=\u00bb4.27.4&#8243; _module_preset=\u00bbdefault\u00bb background_color=\u00bb#EAE6E0&#8243; custom_margin=\u00bb0px|||||\u00bb global_colors_info=\u00bb{}\u00bb][et_pb_row _builder_version=\u00bb4.27.4&#8243; _module_preset=\u00bbdefault\u00bb global_colors_info=\u00bb{}\u00bb][et_pb_column type=\u00bb4_4&#8243; _builder_version=\u00bb4.27.4&#8243; _module_preset=\u00bbdefault\u00bb global_colors_info=\u00bb{}\u00bb][et_pb_toggle title=\u00bb\u00bfQu\u00e9 es el coaching mental y en qu\u00e9 se diferencia de la psicoterapia?\u00bb _builder_version=\u00bb4.27.4&#8243; _module_preset=\u00bbdefault\u00bb global_colors_info=\u00bb{}\u00bb]<\/p>\n<p>El coaching mental est\u00e1 orientado al futuro y a las soluciones. Trabajamos con el presente y tus objetivos para el futuro, sin ahondar en el pasado. A diferencia de la psicoterapia, el coaching se dirige a personas sanas que quieren crecer, avanzar o descubrir nuevos caminos.    <\/p>\n<p>[\/et_pb_toggle][et_pb_toggle title=\u00bb\u00bfQui\u00e9n puede beneficiarse del coaching mental?\u00bb _builder_version=\u00bb4.27.4&#8243; _module_preset=\u00bbdefault\u00bb global_colors_info=\u00bb{}\u00bb]<\/p>\n<p>Para todos los que dan mucho, parecen fuertes pero sienten en su interior: S\u00f3lo necesito un momento para m\u00ed.<\/p>\n<p>El coaching es especialmente \u00fatil cuando te enfrentas al estr\u00e9s, el agobio o las turbulencias emocionales, o cuando deseas m\u00e1s confianza en ti mismo y claridad.<\/p>\n<p>[\/et_pb_toggle][et_pb_toggle title=\u00bb\u00bfQu\u00e9 ocurre durante una sesi\u00f3n de coaching?\u00bb _builder_version=\u00bb4.27.4&#8243; _module_preset=\u00bbdefault\u00bb global_colors_info=\u00bb{}\u00bb]<\/p>\n<p>Tendr\u00e1s un espacio seguro donde se te escuche de verdad, sin juicios ni presiones.<\/p>\n<p>Utilizo preguntas dirigidas, herramientas sencillas y ejercicios mentales para ayudarte a reconectar con tu calma interior, tu fuerza y tu sentido de la orientaci\u00f3n.<\/p>\n<p>[\/et_pb_toggle][et_pb_toggle title=\u00bb\u00bfCu\u00e1ntas sesiones necesitar\u00e9?\u00bb _builder_version=\u00bb4.27.4&#8243; _module_preset=\u00bbdefault\u00bb global_colors_info=\u00bb{}\u00bb]<\/p>\n<p>Es muy individual. Algunos temas pueden resolverse en pocas sesiones, otros pueden llevar m\u00e1s tiempo. Juntos exploraremos lo que tiene sentido para ti, y avanzar\u00e1s a tu propio ritmo.    <\/p>\n<p>[\/et_pb_toggle][et_pb_toggle title=\u00bb\u00bfOfrec\u00e9is una consulta inicial gratuita?\u00bb _builder_version=\u00bb4.27.4&#8243; _module_preset=\u00bbdefault\u00bb global_colors_info=\u00bb{}\u00bb]<\/p>\n<p>S\u00ed, ofrezco una reuni\u00f3n introductoria sin compromiso (online o en persona) para que puedas hacerte una idea de si hay qu\u00edmica y de c\u00f3mo podr\u00eda ayudarte el coaching.  <\/p>\n<p>[\/et_pb_toggle][et_pb_toggle title=\u00bb\u00bfEl seguro m\u00e9dico cubre el coaching mental?\u00bb _builder_version=\u00bb4.27.4&#8243; _module_preset=\u00bbdefault\u00bb global_colors_info=\u00bb{}\u00bb]<\/p>\n<p>Normalmente no, ya que el coaching mental no se considera un tratamiento m\u00e9dico. En cambio, tienes plena libertad para decidir la duraci\u00f3n, el contenido y los objetivos, sin diagn\u00f3sticos ni largos periodos de espera.   <\/p>\n<p>[\/et_pb_toggle][et_pb_toggle title=\u00bb\u00bfQu\u00e9 ocurre en una sesi\u00f3n online?\u00bb _builder_version=\u00bb4.27.4&#8243; _module_preset=\u00bbdefault\u00bb global_colors_info=\u00bb{}\u00bb]<\/p>\n<p>Es muy sencillo: S\u00f3lo necesitas una conexi\u00f3n estable a Internet y un espacio tranquilo. Te enviar\u00e9 previamente el enlace de Zoom. Incluso online, creamos un espacio de confianza en el que es posible un trabajo profundo.    <\/p>\n<p>[\/et_pb_toggle][et_pb_toggle title=\u00bbNo estoy seguro de lo que necesito: \u00bfel coaching sigue siendo adecuado para m\u00ed?\u00bb _builder_version=\u00bb4.27.4&#8243; _module_preset=\u00bbdefault\u00bb global_colors_info=\u00bb{}\u00bb]<\/p>\n<p>El coaching puede ser clave, sobre todo si te sientes perdido o atascado. No necesitas tener un objetivo claro; lo descubriremos juntos.   <\/p>\n<p>[\/et_pb_toggle][\/et_pb_column][\/et_pb_row][et_pb_row column_structure=\u00bb1_3,2_3&#8243; _builder_version=\u00bb4.27.4&#8243; _module_preset=\u00bbdefault\u00bb global_colors_info=\u00bb{}\u00bb][et_pb_column type=\u00bb1_3&#8243; _builder_version=\u00bb4.27.4&#8243; _module_preset=\u00bbdefault\u00bb global_colors_info=\u00bb{}\u00bb][et_pb_image src=\u00bbhttps:\/\/www.rosaalen-mentalcoaching.ch\/wp-content\/uploads\/2025\/04\/coaching-34.png\u00bb alt=\u00bbRosa Alen sonr\u00ede en el jard\u00edn\u00bb title_text=\u00bbcoaching-34&#8243; _builder_version=\u00bb4.27.4&#8243; _module_preset=\u00bbdefault\u00bb global_colors_info=\u00bb{}\u00bb][\/et_pb_image][\/et_pb_column][et_pb_column type=\u00bb2_3&#8243; _builder_version=\u00bb4.27.4&#8243; _module_preset=\u00bbdefault\u00bb global_colors_info=\u00bb{}\u00bb][et_pb_text _builder_version=\u00bb4.27.4&#8243; _module_preset=\u00bbdefault\u00bb global_colors_info=\u00bb{}\u00bb]<\/p>\n<h3>Si tienes m\u00e1s preguntas,<\/h3>\n<h3>no dudes en ponerte en contacto conmigo.<\/h3>\n<p>[\/et_pb_text][et_pb_button button_url=\u00bbmailto:info@rosaalen-mentalcoaching.ch\u00bb url_new_window=\u00bbon\u00bb button_text=\u00bbPonte en contacto conmigo\u00bb _builder_version=\u00bb4.27.4&#8243; _module_preset=\u00bbdefault\u00bb hover_enabled=\u00bb0&#8243; locked=\u00bboff\u00bb global_colors_info=\u00bb{}\u00bb module_id=\u00bbkontakt-button\u00bb sticky_enabled=\u00bb0&#8243;][\/et_pb_button][\/et_pb_column][\/et_pb_row][\/et_pb_section]<\/p>\n","protected":false},"excerpt":{"rendered":"<p>Porque hacer preguntas es completamente normalEl coaching mental est\u00e1 orientado al futuro y a las soluciones. Trabajamos con el presente y tus objetivos para el futuro, sin ahondar en el pasado. A diferencia de la psicoterapia, el coaching se dirige a personas sanas que quieren crecer, avanzar o descubrir nuevos caminos. Para todos los que [&hellip;]<\/p>\n","protected":false},"author":2,"featured_media":0,"parent":0,"menu_order":0,"comment_status":"closed","ping_status":"closed","template":"","meta":{"_et_pb_use_builder":"on","_et_pb_old_content":"","_et_gb_content_width":"","footnotes":""},"class_list":["post-657","page","type-page","status-publish","hentry"],"yoast_head":"<!-- This site is optimized with the Yoast SEO plugin v27.4 - https:\/\/yoast.com\/product\/yoast-seo-wordpress\/ -->\n<title>Preguntas Frecuentes - Rosa Alen Mental Coaching<\/title>\n<meta name=\"description\" content=\"\u00bfQu\u00e9 es el coaching mental y en qu\u00e9 se diferencia de la psicoterapia? El coaching mental est\u00e1 orientado al futuro y a las soluciones. Trabajamos con lo que hay ahora y con lo que quieres conseguir, sin indagar en el pasado. A diferencia de la psicoterapia, el coaching se dirige a personas sanas que quieren crecer, soltarse o encontrar nuevos caminos.\" \/>\n<meta name=\"robots\" content=\"index, follow, max-snippet:-1, max-image-preview:large, max-video-preview:-1\" \/>\n<link rel=\"canonical\" href=\"https:\/\/www.rosaalen-mentalcoaching.ch\/es\/preguntas-frecuentes\/\" \/>\n<meta property=\"og:locale\" content=\"es_ES\" \/>\n<meta property=\"og:type\" content=\"article\" \/>\n<meta property=\"og:title\" content=\"Preguntas Frecuentes - Rosa Alen Mental Coaching\" \/>\n<meta property=\"og:description\" content=\"\u00bfQu\u00e9 es el coaching mental y en qu\u00e9 se diferencia de la psicoterapia? El coaching mental est\u00e1 orientado al futuro y a las soluciones. Trabajamos con lo que hay ahora y con lo que quieres conseguir, sin indagar en el pasado. A diferencia de la psicoterapia, el coaching se dirige a personas sanas que quieren crecer, soltarse o encontrar nuevos caminos.\" \/>\n<meta property=\"og:url\" content=\"https:\/\/www.rosaalen-mentalcoaching.ch\/es\/preguntas-frecuentes\/\" \/>\n<meta property=\"og:site_name\" content=\"Rosa Alen Mental Coaching\" \/>\n<meta property=\"article:modified_time\" content=\"2025-06-23T16:51:34+00:00\" \/>\n<meta name=\"twitter:card\" content=\"summary_large_image\" \/>\n<meta name=\"twitter:label1\" content=\"Tiempo de lectura\" \/>\n\t<meta name=\"twitter:data1\" content=\"4 minutos\" \/>\n<script type=\"application\/ld+json\" class=\"yoast-schema-graph\">{\"@context\":\"https:\\\/\\\/schema.org\",\"@graph\":[{\"@type\":\"WebPage\",\"@id\":\"https:\\\/\\\/www.rosaalen-mentalcoaching.ch\\\/es\\\/preguntas-frecuentes\\\/\",\"url\":\"https:\\\/\\\/www.rosaalen-mentalcoaching.ch\\\/es\\\/preguntas-frecuentes\\\/\",\"name\":\"Preguntas Frecuentes - Rosa Alen Mental Coaching\",\"isPartOf\":{\"@id\":\"https:\\\/\\\/www.rosaalen-mentalcoaching.ch\\\/es\\\/#website\"},\"datePublished\":\"2025-06-17T12:45:25+00:00\",\"dateModified\":\"2025-06-23T16:51:34+00:00\",\"description\":\"\u00bfQu\u00e9 es el coaching mental y en qu\u00e9 se diferencia de la psicoterapia? El coaching mental est\u00e1 orientado al futuro y a las soluciones. Trabajamos con lo que hay ahora y con lo que quieres conseguir, sin indagar en el pasado. A diferencia de la psicoterapia, el coaching se dirige a personas sanas que quieren crecer, soltarse o encontrar nuevos caminos.\",\"breadcrumb\":{\"@id\":\"https:\\\/\\\/www.rosaalen-mentalcoaching.ch\\\/es\\\/preguntas-frecuentes\\\/#breadcrumb\"},\"inLanguage\":\"es\",\"potentialAction\":[{\"@type\":\"ReadAction\",\"target\":[\"https:\\\/\\\/www.rosaalen-mentalcoaching.ch\\\/es\\\/preguntas-frecuentes\\\/\"]}]},{\"@type\":\"BreadcrumbList\",\"@id\":\"https:\\\/\\\/www.rosaalen-mentalcoaching.ch\\\/es\\\/preguntas-frecuentes\\\/#breadcrumb\",\"itemListElement\":[{\"@type\":\"ListItem\",\"position\":1,\"name\":\"Startseite\",\"item\":\"https:\\\/\\\/www.rosaalen-mentalcoaching.ch\\\/es\\\/inicio\\\/\"},{\"@type\":\"ListItem\",\"position\":2,\"name\":\"Preguntas Frecuentes\"}]},{\"@type\":\"WebSite\",\"@id\":\"https:\\\/\\\/www.rosaalen-mentalcoaching.ch\\\/es\\\/#website\",\"url\":\"https:\\\/\\\/www.rosaalen-mentalcoaching.ch\\\/es\\\/\",\"name\":\"Rosa Alen Mental Coaching\",\"description\":\"\",\"publisher\":{\"@id\":\"https:\\\/\\\/www.rosaalen-mentalcoaching.ch\\\/es\\\/#organization\"},\"potentialAction\":[{\"@type\":\"SearchAction\",\"target\":{\"@type\":\"EntryPoint\",\"urlTemplate\":\"https:\\\/\\\/www.rosaalen-mentalcoaching.ch\\\/es\\\/?s={search_term_string}\"},\"query-input\":{\"@type\":\"PropertyValueSpecification\",\"valueRequired\":true,\"valueName\":\"search_term_string\"}}],\"inLanguage\":\"es\"},{\"@type\":\"Organization\",\"@id\":\"https:\\\/\\\/www.rosaalen-mentalcoaching.ch\\\/es\\\/#organization\",\"name\":\"Rosa Alen Mental Coaching\",\"url\":\"https:\\\/\\\/www.rosaalen-mentalcoaching.ch\\\/es\\\/\",\"logo\":{\"@type\":\"ImageObject\",\"inLanguage\":\"es\",\"@id\":\"https:\\\/\\\/www.rosaalen-mentalcoaching.ch\\\/es\\\/#\\\/schema\\\/logo\\\/image\\\/\",\"url\":\"https:\\\/\\\/www.rosaalen-mentalcoaching.ch\\\/wp-content\\\/uploads\\\/2025\\\/04\\\/Logo_quer-scaled.png\",\"contentUrl\":\"https:\\\/\\\/www.rosaalen-mentalcoaching.ch\\\/wp-content\\\/uploads\\\/2025\\\/04\\\/Logo_quer-scaled.png\",\"width\":2560,\"height\":733,\"caption\":\"Rosa Alen Mental Coaching\"},\"image\":{\"@id\":\"https:\\\/\\\/www.rosaalen-mentalcoaching.ch\\\/es\\\/#\\\/schema\\\/logo\\\/image\\\/\"}}]}<\/script>\n<!-- \/ Yoast SEO plugin. -->","yoast_head_json":{"title":"Preguntas Frecuentes - Rosa Alen Mental Coaching","description":"\u00bfQu\u00e9 es el coaching mental y en qu\u00e9 se diferencia de la psicoterapia? El coaching mental est\u00e1 orientado al futuro y a las soluciones. Trabajamos con lo que hay ahora y con lo que quieres conseguir, sin indagar en el pasado. A diferencia de la psicoterapia, el coaching se dirige a personas sanas que quieren crecer, soltarse o encontrar nuevos caminos.","robots":{"index":"index","follow":"follow","max-snippet":"max-snippet:-1","max-image-preview":"max-image-preview:large","max-video-preview":"max-video-preview:-1"},"canonical":"https:\/\/www.rosaalen-mentalcoaching.ch\/es\/preguntas-frecuentes\/","og_locale":"es_ES","og_type":"article","og_title":"Preguntas Frecuentes - Rosa Alen Mental Coaching","og_description":"\u00bfQu\u00e9 es el coaching mental y en qu\u00e9 se diferencia de la psicoterapia? El coaching mental est\u00e1 orientado al futuro y a las soluciones. Trabajamos con lo que hay ahora y con lo que quieres conseguir, sin indagar en el pasado. A diferencia de la psicoterapia, el coaching se dirige a personas sanas que quieren crecer, soltarse o encontrar nuevos caminos.","og_url":"https:\/\/www.rosaalen-mentalcoaching.ch\/es\/preguntas-frecuentes\/","og_site_name":"Rosa Alen Mental Coaching","article_modified_time":"2025-06-23T16:51:34+00:00","twitter_card":"summary_large_image","twitter_misc":{"Tiempo de lectura":"4 minutos"},"schema":{"@context":"https:\/\/schema.org","@graph":[{"@type":"WebPage","@id":"https:\/\/www.rosaalen-mentalcoaching.ch\/es\/preguntas-frecuentes\/","url":"https:\/\/www.rosaalen-mentalcoaching.ch\/es\/preguntas-frecuentes\/","name":"Preguntas Frecuentes - Rosa Alen Mental Coaching","isPartOf":{"@id":"https:\/\/www.rosaalen-mentalcoaching.ch\/es\/#website"},"datePublished":"2025-06-17T12:45:25+00:00","dateModified":"2025-06-23T16:51:34+00:00","description":"\u00bfQu\u00e9 es el coaching mental y en qu\u00e9 se diferencia de la psicoterapia? El coaching mental est\u00e1 orientado al futuro y a las soluciones. Trabajamos con lo que hay ahora y con lo que quieres conseguir, sin indagar en el pasado. A diferencia de la psicoterapia, el coaching se dirige a personas sanas que quieren crecer, soltarse o encontrar nuevos caminos.","breadcrumb":{"@id":"https:\/\/www.rosaalen-mentalcoaching.ch\/es\/preguntas-frecuentes\/#breadcrumb"},"inLanguage":"es","potentialAction":[{"@type":"ReadAction","target":["https:\/\/www.rosaalen-mentalcoaching.ch\/es\/preguntas-frecuentes\/"]}]},{"@type":"BreadcrumbList","@id":"https:\/\/www.rosaalen-mentalcoaching.ch\/es\/preguntas-frecuentes\/#breadcrumb","itemListElement":[{"@type":"ListItem","position":1,"name":"Startseite","item":"https:\/\/www.rosaalen-mentalcoaching.ch\/es\/inicio\/"},{"@type":"ListItem","position":2,"name":"Preguntas Frecuentes"}]},{"@type":"WebSite","@id":"https:\/\/www.rosaalen-mentalcoaching.ch\/es\/#website","url":"https:\/\/www.rosaalen-mentalcoaching.ch\/es\/","name":"Rosa Alen Mental Coaching","description":"","publisher":{"@id":"https:\/\/www.rosaalen-mentalcoaching.ch\/es\/#organization"},"potentialAction":[{"@type":"SearchAction","target":{"@type":"EntryPoint","urlTemplate":"https:\/\/www.rosaalen-mentalcoaching.ch\/es\/?s={search_term_string}"},"query-input":{"@type":"PropertyValueSpecification","valueRequired":true,"valueName":"search_term_string"}}],"inLanguage":"es"},{"@type":"Organization","@id":"https:\/\/www.rosaalen-mentalcoaching.ch\/es\/#organization","name":"Rosa Alen Mental Coaching","url":"https:\/\/www.rosaalen-mentalcoaching.ch\/es\/","logo":{"@type":"ImageObject","inLanguage":"es","@id":"https:\/\/www.rosaalen-mentalcoaching.ch\/es\/#\/schema\/logo\/image\/","url":"https:\/\/www.rosaalen-mentalcoaching.ch\/wp-content\/uploads\/2025\/04\/Logo_quer-scaled.png","contentUrl":"https:\/\/www.rosaalen-mentalcoaching.ch\/wp-content\/uploads\/2025\/04\/Logo_quer-scaled.png","width":2560,"height":733,"caption":"Rosa Alen Mental Coaching"},"image":{"@id":"https:\/\/www.rosaalen-mentalcoaching.ch\/es\/#\/schema\/logo\/image\/"}}]}},"_links":{"self":[{"href":"https:\/\/www.rosaalen-mentalcoaching.ch\/es\/wp-json\/wp\/v2\/pages\/657","targetHints":{"allow":["GET"]}}],"collection":[{"href":"https:\/\/www.rosaalen-mentalcoaching.ch\/es\/wp-json\/wp\/v2\/pages"}],"about":[{"href":"https:\/\/www.rosaalen-mentalcoaching.ch\/es\/wp-json\/wp\/v2\/types\/page"}],"author":[{"embeddable":true,"href":"https:\/\/www.rosaalen-mentalcoaching.ch\/es\/wp-json\/wp\/v2\/users\/2"}],"replies":[{"embeddable":true,"href":"https:\/\/www.rosaalen-mentalcoaching.ch\/es\/wp-json\/wp\/v2\/comments?post=657"}],"version-history":[{"count":5,"href":"https:\/\/www.rosaalen-mentalcoaching.ch\/es\/wp-json\/wp\/v2\/pages\/657\/revisions"}],"predecessor-version":[{"id":718,"href":"https:\/\/www.rosaalen-mentalcoaching.ch\/es\/wp-json\/wp\/v2\/pages\/657\/revisions\/718"}],"wp:attachment":[{"href":"https:\/\/www.rosaalen-mentalcoaching.ch\/es\/wp-json\/wp\/v2\/media?parent=657"}],"curies":[{"name":"wp","href":"https:\/\/api.w.org\/{rel}","templated":true}]}}